{"id":1399,"date":"2024-07-08T13:25:29","date_gmt":"2024-07-08T13:25:29","guid":{"rendered":"https:\/\/fr.themarkers.ro\/product\/coconut-straw\/"},"modified":"2026-03-19T11:38:41","modified_gmt":"2026-03-19T11:38:41","slug":"coconut-straw","status":"publish","type":"product","link":"https:\/\/fr.themarkers.ro\/en\/product\/coconut-straw\/","title":{"rendered":"Coconut straw"},"content":{"rendered":"","protected":false},"excerpt":{"rendered":"<p><img decoding=\"async\" class=\"\" src=\"https:\/\/fr.themarkers.ro\/wp-content\/uploads\/2024\/06\/gmovegan.png\" width=\"144\" height=\"71\" \/><\/p>\n<p>From chilled drinks to exotic cocktails, our compostable, 100% plastic-free, and sustainable coconut leaves straws are equally suitable for both upscale bars and beach clubs. They\u2019re a sustainable, eco-conscious accessory<br \/>\nThe perfect blend of Sustainability and Practicality.<br \/>\nThe perfect blend of Sustainability and Practicality.<br \/>\nThese eco-friendly straws are fully bio-degradable, offering a guilt-free sipping experience that doesn\u2019t compromise on quality and durability.<br \/>\nIdeal for hot and cold drinks, they represent a step towards a greener future.<\/p>\n<p>Juices, smoothies, cocktails, milkshakes, lemonade<br \/>\nMade from natural ingredients, dried coconut palm leaves.<\/p>\n<ul>\n<li>Biodegradable<\/li>\n<li>resistance<\/li>\n<li>Community-friendly<\/li>\n<li>They decompose in 60 days<\/li>\n<li>No animal testing<\/li>\n<li>Vegan and gluten-free<\/li>\n<li>Tasteless and odorless<\/li>\n<li>Does not change the color of the drink<\/li>\n<li>Suitable for cold or hot drinks<\/li>\n<li>Keeps its shape for 1-2 hours<\/li>\n<li><span style=\"font-weight: 400;\">Lungime: 210 mm<\/span><\/li>\n<\/ul>\n<p><strong>Storage<\/strong>: Store in a cool, dry place, away from moisture.<br \/>\n<strong>Discharge<\/strong>: Fully compostable \u2013 can be disposed of with organic waste.<\/p>\n<p><strong>Certified in Accordance with:<\/strong><br \/>\nISO 22000 | FSSAI | | FSSC 22000 | FDA | BRC | SGS HALAL | KOSHER |<br \/>\nDECLARATION OF CONFORMITY | COA PRODUCT SPECIFICATIONS<\/p>\n<p><strong>20 pcs \/set<\/strong><\/p>","protected":false},"featured_media":3001,"comment_status":"open","ping_status":"closed","template":"","meta":{"_acf_changed":false,"iawp_total_views":50},"product_brand":[],"product_cat":[48],"product_tag":[],"class_list":{"0":"post-1399","1":"product","2":"type-product","3":"status-publish","4":"has-post-thumbnail","6":"product_cat-paie-2","8":"first","9":"instock","10":"shipping-taxable","11":"purchasable","12":"product-type-variable"},"acf":[],"yoast_head":"<!-- This site is optimized with the Yoast SEO plugin v26.9 - https:\/\/yoast.com\/product\/yoast-seo-wordpress\/ -->\n<title>Paie din frunze de cocos - Frenvi - Redefining Sustainability<\/title>\n<meta name=\"robots\" content=\"index, follow, max-snippet:-1, max-image-preview:large, max-video-preview:-1\" \/>\n<link rel=\"canonical\" href=\"https:\/\/fr.themarkers.ro\/en\/product\/coconut-straw\/\" \/>\n<meta property=\"og:locale\" content=\"en_GB\" \/>\n<meta property=\"og:type\" content=\"article\" \/>\n<meta property=\"og:title\" content=\"Paie din frunze de cocos - Frenvi - Redefining Sustainability\" \/>\n<meta property=\"og:description\" content=\"De la bauturi racoritoare pana la cocktailuri exotice, paiele noastre compostabile, 100% fara plastic si sustenabile, din fruze de cocos, sunt la fel de potrivite pentru baruri elegante si cluburi de plaja. Sunt un accesoriu sustenabil si ecologic. Combina perfect sustenabilitatea cu functionalitatea. Aceste paie eco-friendly sunt complet biodegradabile, oferind o experienta de baut fara vinovatie, fara a compromite calitatea si durabilitatea. Ideale pentru bauturi calde si reci, reprezinta un pas spre un viitor mai verde.  Sucuri, smoothie-uri, cocktailuri, milkshake-uri, limonada Fabricate din ingrediente naturale, frunze uscate de palmier de cocos.   Biodegradabile  Rezistente  Prietenos cu mediul  Se descompun \u00een 60 de zile  F\u0103r\u0103 testare pe animale  Vegan \u0219i f\u0103r\u0103 gluten  Fara gust si miros  Nu schimba culoarea bauturii  Potrivit pentru b\u0103uturi reci sau fierbinti  Isi pastreaza forma timp de 1-2 ore  Lungime: 210 mm  Depozitare: A se pastra intr-un loc racoros si uscat, ferit de umezeala. Eliminare: Complet compostabil \u2013 poate fi aruncat impreuna cu deseurile organice.  Certificat in conformitate cu: ISO 22000 | FSSAI | | FSSC 22000 | FDA | BRC | SGS HALAL | KOSHER | DECLARA\u021aIE DE CONFORMITATE | SPECIFICA\u021aII PRODUS COA  20 buc \/set\" \/>\n<meta property=\"og:url\" content=\"https:\/\/fr.themarkers.ro\/en\/product\/coconut-straw\/\" \/>\n<meta property=\"og:site_name\" content=\"Frenvi - Redefining Sustainability\" \/>\n<meta property=\"article:modified_time\" content=\"2026-03-19T11:38:41+00:00\" \/>\n<meta property=\"og:image\" content=\"https:\/\/fr.themarkers.ro\/wp-content\/uploads\/2024\/07\/Frame-8.png\" \/>\n\t<meta property=\"og:image:width\" content=\"1101\" \/>\n\t<meta property=\"og:image:height\" content=\"1656\" \/>\n\t<meta property=\"og:image:type\" content=\"image\/png\" \/>\n<meta name=\"twitter:card\" content=\"summary_large_image\" \/>\n<meta name=\"twitter:label1\" content=\"Estimated reading time\" \/>\n\t<meta name=\"twitter:data1\" content=\"1 minute\" \/>\n<script type=\"application\/ld+json\" class=\"yoast-schema-graph\">{\"@context\":\"https:\/\/schema.org\",\"@graph\":[{\"@type\":\"WebPage\",\"@id\":\"https:\/\/fr.themarkers.ro\/product\/coconut-straw\/\",\"url\":\"https:\/\/fr.themarkers.ro\/product\/coconut-straw\/\",\"name\":\"Paie din frunze de cocos - Frenvi - Redefining Sustainability\",\"isPartOf\":{\"@id\":\"https:\/\/fr.themarkers.ro\/#website\"},\"primaryImageOfPage\":{\"@id\":\"https:\/\/fr.themarkers.ro\/product\/coconut-straw\/#primaryimage\"},\"image\":{\"@id\":\"https:\/\/fr.themarkers.ro\/product\/coconut-straw\/#primaryimage\"},\"thumbnailUrl\":\"https:\/\/fr.themarkers.ro\/wp-content\/uploads\/2024\/07\/Frame-8.png\",\"datePublished\":\"2024-07-08T13:25:29+00:00\",\"dateModified\":\"2026-03-19T11:38:41+00:00\",\"breadcrumb\":{\"@id\":\"https:\/\/fr.themarkers.ro\/product\/coconut-straw\/#breadcrumb\"},\"inLanguage\":\"en-GB\",\"potentialAction\":[{\"@type\":\"ReadAction\",\"target\":[\"https:\/\/fr.themarkers.ro\/product\/coconut-straw\/\"]}]},{\"@type\":\"ImageObject\",\"inLanguage\":\"en-GB\",\"@id\":\"https:\/\/fr.themarkers.ro\/product\/coconut-straw\/#primaryimage\",\"url\":\"https:\/\/fr.themarkers.ro\/wp-content\/uploads\/2024\/07\/Frame-8.png\",\"contentUrl\":\"https:\/\/fr.themarkers.ro\/wp-content\/uploads\/2024\/07\/Frame-8.png\",\"width\":1101,\"height\":1656},{\"@type\":\"BreadcrumbList\",\"@id\":\"https:\/\/fr.themarkers.ro\/product\/coconut-straw\/#breadcrumb\",\"itemListElement\":[{\"@type\":\"ListItem\",\"position\":1,\"name\":\"Home\",\"item\":\"https:\/\/fr.themarkers.ro\/\"},{\"@type\":\"ListItem\",\"position\":2,\"name\":\"Shop\",\"item\":\"https:\/\/fr.themarkers.ro\/shop\/\"},{\"@type\":\"ListItem\",\"position\":3,\"name\":\"Paie din frunze de cocos\"}]},{\"@type\":\"WebSite\",\"@id\":\"https:\/\/fr.themarkers.ro\/#website\",\"url\":\"https:\/\/fr.themarkers.ro\/\",\"name\":\"Frenvi - Redefining Sustainability\",\"description\":\"\",\"potentialAction\":[{\"@type\":\"SearchAction\",\"target\":{\"@type\":\"EntryPoint\",\"urlTemplate\":\"https:\/\/fr.themarkers.ro\/?s={search_term_string}\"},\"query-input\":{\"@type\":\"PropertyValueSpecification\",\"valueRequired\":true,\"valueName\":\"search_term_string\"}}],\"inLanguage\":\"en-GB\"}]}<\/script>\n<!-- \/ Yoast SEO plugin. -->","yoast_head_json":{"title":"Paie din frunze de cocos - Frenvi - Redefining Sustainability","robots":{"index":"index","follow":"follow","max-snippet":"max-snippet:-1","max-image-preview":"max-image-preview:large","max-video-preview":"max-video-preview:-1"},"canonical":"https:\/\/fr.themarkers.ro\/en\/product\/coconut-straw\/","og_locale":"en_GB","og_type":"article","og_title":"Paie din frunze de cocos - Frenvi - Redefining Sustainability","og_description":"De la bauturi racoritoare pana la cocktailuri exotice, paiele noastre compostabile, 100% fara plastic si sustenabile, din fruze de cocos, sunt la fel de potrivite pentru baruri elegante si cluburi de plaja. Sunt un accesoriu sustenabil si ecologic. Combina perfect sustenabilitatea cu functionalitatea. Aceste paie eco-friendly sunt complet biodegradabile, oferind o experienta de baut fara vinovatie, fara a compromite calitatea si durabilitatea. Ideale pentru bauturi calde si reci, reprezinta un pas spre un viitor mai verde.  Sucuri, smoothie-uri, cocktailuri, milkshake-uri, limonada Fabricate din ingrediente naturale, frunze uscate de palmier de cocos.   Biodegradabile  Rezistente  Prietenos cu mediul  Se descompun \u00een 60 de zile  F\u0103r\u0103 testare pe animale  Vegan \u0219i f\u0103r\u0103 gluten  Fara gust si miros  Nu schimba culoarea bauturii  Potrivit pentru b\u0103uturi reci sau fierbinti  Isi pastreaza forma timp de 1-2 ore  Lungime: 210 mm  Depozitare: A se pastra intr-un loc racoros si uscat, ferit de umezeala. Eliminare: Complet compostabil \u2013 poate fi aruncat impreuna cu deseurile organice.  Certificat in conformitate cu: ISO 22000 | FSSAI | | FSSC 22000 | FDA | BRC | SGS HALAL | KOSHER | DECLARA\u021aIE DE CONFORMITATE | SPECIFICA\u021aII PRODUS COA  20 buc \/set","og_url":"https:\/\/fr.themarkers.ro\/en\/product\/coconut-straw\/","og_site_name":"Frenvi - Redefining Sustainability","article_modified_time":"2026-03-19T11:38:41+00:00","og_image":[{"width":1101,"height":1656,"url":"https:\/\/fr.themarkers.ro\/wp-content\/uploads\/2024\/07\/Frame-8.png","type":"image\/png"}],"twitter_card":"summary_large_image","twitter_misc":{"Estimated reading time":"1 minute"},"schema":{"@context":"https:\/\/schema.org","@graph":[{"@type":"WebPage","@id":"https:\/\/fr.themarkers.ro\/product\/coconut-straw\/","url":"https:\/\/fr.themarkers.ro\/product\/coconut-straw\/","name":"Paie din frunze de cocos - Frenvi - Redefining Sustainability","isPartOf":{"@id":"https:\/\/fr.themarkers.ro\/#website"},"primaryImageOfPage":{"@id":"https:\/\/fr.themarkers.ro\/product\/coconut-straw\/#primaryimage"},"image":{"@id":"https:\/\/fr.themarkers.ro\/product\/coconut-straw\/#primaryimage"},"thumbnailUrl":"https:\/\/fr.themarkers.ro\/wp-content\/uploads\/2024\/07\/Frame-8.png","datePublished":"2024-07-08T13:25:29+00:00","dateModified":"2026-03-19T11:38:41+00:00","breadcrumb":{"@id":"https:\/\/fr.themarkers.ro\/product\/coconut-straw\/#breadcrumb"},"inLanguage":"en-GB","potentialAction":[{"@type":"ReadAction","target":["https:\/\/fr.themarkers.ro\/product\/coconut-straw\/"]}]},{"@type":"ImageObject","inLanguage":"en-GB","@id":"https:\/\/fr.themarkers.ro\/product\/coconut-straw\/#primaryimage","url":"https:\/\/fr.themarkers.ro\/wp-content\/uploads\/2024\/07\/Frame-8.png","contentUrl":"https:\/\/fr.themarkers.ro\/wp-content\/uploads\/2024\/07\/Frame-8.png","width":1101,"height":1656},{"@type":"BreadcrumbList","@id":"https:\/\/fr.themarkers.ro\/product\/coconut-straw\/#breadcrumb","itemListElement":[{"@type":"ListItem","position":1,"name":"Home","item":"https:\/\/fr.themarkers.ro\/"},{"@type":"ListItem","position":2,"name":"Shop","item":"https:\/\/fr.themarkers.ro\/shop\/"},{"@type":"ListItem","position":3,"name":"Paie din frunze de cocos"}]},{"@type":"WebSite","@id":"https:\/\/fr.themarkers.ro\/#website","url":"https:\/\/fr.themarkers.ro\/","name":"Frenvi - Redefining Sustainability","description":"","potentialAction":[{"@type":"SearchAction","target":{"@type":"EntryPoint","urlTemplate":"https:\/\/fr.themarkers.ro\/?s={search_term_string}"},"query-input":{"@type":"PropertyValueSpecification","valueRequired":true,"valueName":"search_term_string"}}],"inLanguage":"en-GB"}]}},"_links":{"self":[{"href":"https:\/\/fr.themarkers.ro\/en\/wp-json\/wp\/v2\/product\/1399","targetHints":{"allow":["GET"]}}],"collection":[{"href":"https:\/\/fr.themarkers.ro\/en\/wp-json\/wp\/v2\/product"}],"about":[{"href":"https:\/\/fr.themarkers.ro\/en\/wp-json\/wp\/v2\/types\/product"}],"replies":[{"embeddable":true,"href":"https:\/\/fr.themarkers.ro\/en\/wp-json\/wp\/v2\/comments?post=1399"}],"wp:featuredmedia":[{"embeddable":true,"href":"https:\/\/fr.themarkers.ro\/en\/wp-json\/wp\/v2\/media\/3001"}],"wp:attachment":[{"href":"https:\/\/fr.themarkers.ro\/en\/wp-json\/wp\/v2\/media?parent=1399"}],"wp:term":[{"taxonomy":"product_brand","embeddable":true,"href":"https:\/\/fr.themarkers.ro\/en\/wp-json\/wp\/v2\/product_brand?post=1399"},{"taxonomy":"product_cat","embeddable":true,"href":"https:\/\/fr.themarkers.ro\/en\/wp-json\/wp\/v2\/product_cat?post=1399"},{"taxonomy":"product_tag","embeddable":true,"href":"https:\/\/fr.themarkers.ro\/en\/wp-json\/wp\/v2\/product_tag?post=1399"}],"curies":[{"name":"wp","href":"https:\/\/api.w.org\/{rel}","templated":true}]}}