{"id":1434,"date":"2024-07-15T08:02:12","date_gmt":"2024-07-15T08:02:12","guid":{"rendered":"https:\/\/fr.themarkers.ro\/product\/tasty-mini-3d\/"},"modified":"2026-03-19T13:13:12","modified_gmt":"2026-03-19T13:13:12","slug":"tasty-mini-3d","status":"publish","type":"product","link":"https:\/\/fr.themarkers.ro\/en\/product\/tasty-mini-3d\/","title":{"rendered":"Tasty Mini 3D"},"content":{"rendered":"","protected":false},"excerpt":{"rendered":"<p><img decoding=\"async\" class=\"alignnone wp-image-582\" src=\"https:\/\/fr.themarkers.ro\/wp-content\/uploads\/2024\/06\/gmovegan.png\" alt=\"\" width=\"128\" height=\"63\" srcset=\"https:\/\/fr.themarkers.ro\/wp-content\/uploads\/2024\/06\/gmovegan.png 286w, https:\/\/fr.themarkers.ro\/wp-content\/uploads\/2024\/06\/gmovegan-150x74.png 150w\" sizes=\"(max-width: 128px) 100vw, 128px\" \/><br \/>\nThe ice cream spoon has 2 colours \/ flavours.<\/p>\n<p>Perfect for ice cream, coffee, yogurt and more.<\/p>\n<p><strong>Dimensions: 90x26x4mm<\/strong><br \/>\n<strong>Weight: 5g<\/strong><\/p>\n<p>In use, the taste of the food is not affected with the flavours of the spoons. The delicious flavour of the spoon unfolds only when its chewed or eaten.<\/p>\n<p><strong>Storage: <\/strong>Store your cutlery in a cool, dry place. Once opened, store in an airtight container to preserve crispiness and maximise shelf life.<strong><br \/>\n<\/strong><\/p>\n<p><strong>Shelf Life:<\/strong> 18 months<\/p>\n<p><strong>Certified in Accordance with:<\/strong><br \/>\nISO 22000 | FSSC 22000 | FSSAI |FDA | BRC | SGS | HALAL | KOSHER |<br \/>\nDECLARATION OF CONFORMITY | COA PRODUCT SPECIFICATIONS<\/p>","protected":false},"featured_media":1165,"comment_status":"open","ping_status":"closed","template":"","meta":{"_acf_changed":false,"iawp_total_views":55},"product_brand":[],"product_cat":[45,44],"product_tag":[],"class_list":{"0":"post-1434","1":"product","2":"type-product","3":"status-publish","4":"has-post-thumbnail","6":"product_cat-eatlery-2","7":"product_cat-tacamuri-2","9":"first","10":"instock","11":"shipping-taxable","12":"purchasable","13":"product-type-variable"},"acf":[],"yoast_head":"<!-- This site is optimized with the Yoast SEO plugin v26.9 - https:\/\/yoast.com\/product\/yoast-seo-wordpress\/ -->\n<title>Tasty Mini 3D - Frenvi - Redefining Sustainability<\/title>\n<meta name=\"robots\" content=\"index, follow, max-snippet:-1, max-image-preview:large, max-video-preview:-1\" \/>\n<link rel=\"canonical\" href=\"https:\/\/fr.themarkers.ro\/en\/product\/tasty-mini-3d\/\" \/>\n<meta property=\"og:locale\" content=\"en_GB\" \/>\n<meta property=\"og:type\" content=\"article\" \/>\n<meta property=\"og:title\" content=\"Tasty Mini 3D - Frenvi - Redefining Sustainability\" \/>\n<meta property=\"og:description\" content=\"Lingura de inghetata are 2 culori\/arome.  Perfecta pentru inghetata, cafea, iaurt si multe altele.  Dimensiune: 90x26x4mm Greutate: 5g  \u00cen utilizare, gustul alimentelor nu este afectat de aroma tacamului. Savoarea delicioas\u0103 a tacamului se simte numai atunci c\u00e2nd este mestecat sau m\u00e2ncat.  Depozitare: P\u0103stra\u021bi tac\u00e2murile \u00eentr-un loc r\u0103coros \u0219i uscat. Odat\u0103 deschis ambalajul, depozita\u021bi \u00eentr-un recipient ermetic pentru a p\u0103stra gustul crocant \u0219i pentru a maximiza durata de valabilitate.   Perioad\u0103 de valabilitate: 18 luni  Certificat in conformitate cu: ISO 22000 | FSSC 22000 | FSSAI |FDA | BRC | SGS | HALAL | KOSHER | DECLARA\u021aIE DE CONFORMITATE | SPECIFICA\u021aII PRODUS COA\" \/>\n<meta property=\"og:url\" content=\"https:\/\/fr.themarkers.ro\/en\/product\/tasty-mini-3d\/\" \/>\n<meta property=\"og:site_name\" content=\"Frenvi - Redefining Sustainability\" \/>\n<meta property=\"article:modified_time\" content=\"2026-03-19T13:13:12+00:00\" \/>\n<meta property=\"og:image\" content=\"https:\/\/fr.themarkers.ro\/wp-content\/uploads\/2024\/06\/icecream-spoon.png\" \/>\n\t<meta property=\"og:image:width\" content=\"734\" \/>\n\t<meta property=\"og:image:height\" content=\"1104\" \/>\n\t<meta property=\"og:image:type\" content=\"image\/png\" \/>\n<meta name=\"twitter:card\" content=\"summary_large_image\" \/>\n<meta name=\"twitter:label1\" content=\"Estimated reading time\" \/>\n\t<meta name=\"twitter:data1\" content=\"1 minute\" \/>\n<script type=\"application\/ld+json\" class=\"yoast-schema-graph\">{\"@context\":\"https:\/\/schema.org\",\"@graph\":[{\"@type\":\"WebPage\",\"@id\":\"https:\/\/fr.themarkers.ro\/product\/tasty-mini-3d\/\",\"url\":\"https:\/\/fr.themarkers.ro\/product\/tasty-mini-3d\/\",\"name\":\"Tasty Mini 3D - Frenvi - Redefining Sustainability\",\"isPartOf\":{\"@id\":\"https:\/\/fr.themarkers.ro\/#website\"},\"primaryImageOfPage\":{\"@id\":\"https:\/\/fr.themarkers.ro\/product\/tasty-mini-3d\/#primaryimage\"},\"image\":{\"@id\":\"https:\/\/fr.themarkers.ro\/product\/tasty-mini-3d\/#primaryimage\"},\"thumbnailUrl\":\"https:\/\/fr.themarkers.ro\/wp-content\/uploads\/2024\/06\/icecream-spoon.png\",\"datePublished\":\"2024-07-15T08:02:12+00:00\",\"dateModified\":\"2026-03-19T13:13:12+00:00\",\"breadcrumb\":{\"@id\":\"https:\/\/fr.themarkers.ro\/product\/tasty-mini-3d\/#breadcrumb\"},\"inLanguage\":\"en-GB\",\"potentialAction\":[{\"@type\":\"ReadAction\",\"target\":[\"https:\/\/fr.themarkers.ro\/product\/tasty-mini-3d\/\"]}]},{\"@type\":\"ImageObject\",\"inLanguage\":\"en-GB\",\"@id\":\"https:\/\/fr.themarkers.ro\/product\/tasty-mini-3d\/#primaryimage\",\"url\":\"https:\/\/fr.themarkers.ro\/wp-content\/uploads\/2024\/06\/icecream-spoon.png\",\"contentUrl\":\"https:\/\/fr.themarkers.ro\/wp-content\/uploads\/2024\/06\/icecream-spoon.png\",\"width\":734,\"height\":1104},{\"@type\":\"BreadcrumbList\",\"@id\":\"https:\/\/fr.themarkers.ro\/product\/tasty-mini-3d\/#breadcrumb\",\"itemListElement\":[{\"@type\":\"ListItem\",\"position\":1,\"name\":\"Home\",\"item\":\"https:\/\/fr.themarkers.ro\/\"},{\"@type\":\"ListItem\",\"position\":2,\"name\":\"Shop\",\"item\":\"https:\/\/fr.themarkers.ro\/shop\/\"},{\"@type\":\"ListItem\",\"position\":3,\"name\":\"Tasty Mini 3D\"}]},{\"@type\":\"WebSite\",\"@id\":\"https:\/\/fr.themarkers.ro\/#website\",\"url\":\"https:\/\/fr.themarkers.ro\/\",\"name\":\"Frenvi - Redefining Sustainability\",\"description\":\"\",\"potentialAction\":[{\"@type\":\"SearchAction\",\"target\":{\"@type\":\"EntryPoint\",\"urlTemplate\":\"https:\/\/fr.themarkers.ro\/?s={search_term_string}\"},\"query-input\":{\"@type\":\"PropertyValueSpecification\",\"valueRequired\":true,\"valueName\":\"search_term_string\"}}],\"inLanguage\":\"en-GB\"}]}<\/script>\n<!-- \/ Yoast SEO plugin. -->","yoast_head_json":{"title":"Tasty Mini 3D - Frenvi - Redefining Sustainability","robots":{"index":"index","follow":"follow","max-snippet":"max-snippet:-1","max-image-preview":"max-image-preview:large","max-video-preview":"max-video-preview:-1"},"canonical":"https:\/\/fr.themarkers.ro\/en\/product\/tasty-mini-3d\/","og_locale":"en_GB","og_type":"article","og_title":"Tasty Mini 3D - Frenvi - Redefining Sustainability","og_description":"Lingura de inghetata are 2 culori\/arome.  Perfecta pentru inghetata, cafea, iaurt si multe altele.  Dimensiune: 90x26x4mm Greutate: 5g  \u00cen utilizare, gustul alimentelor nu este afectat de aroma tacamului. Savoarea delicioas\u0103 a tacamului se simte numai atunci c\u00e2nd este mestecat sau m\u00e2ncat.  Depozitare: P\u0103stra\u021bi tac\u00e2murile \u00eentr-un loc r\u0103coros \u0219i uscat. Odat\u0103 deschis ambalajul, depozita\u021bi \u00eentr-un recipient ermetic pentru a p\u0103stra gustul crocant \u0219i pentru a maximiza durata de valabilitate.   Perioad\u0103 de valabilitate: 18 luni  Certificat in conformitate cu: ISO 22000 | FSSC 22000 | FSSAI |FDA | BRC | SGS | HALAL | KOSHER | DECLARA\u021aIE DE CONFORMITATE | SPECIFICA\u021aII PRODUS COA","og_url":"https:\/\/fr.themarkers.ro\/en\/product\/tasty-mini-3d\/","og_site_name":"Frenvi - Redefining Sustainability","article_modified_time":"2026-03-19T13:13:12+00:00","og_image":[{"width":734,"height":1104,"url":"https:\/\/fr.themarkers.ro\/wp-content\/uploads\/2024\/06\/icecream-spoon.png","type":"image\/png"}],"twitter_card":"summary_large_image","twitter_misc":{"Estimated reading time":"1 minute"},"schema":{"@context":"https:\/\/schema.org","@graph":[{"@type":"WebPage","@id":"https:\/\/fr.themarkers.ro\/product\/tasty-mini-3d\/","url":"https:\/\/fr.themarkers.ro\/product\/tasty-mini-3d\/","name":"Tasty Mini 3D - Frenvi - Redefining Sustainability","isPartOf":{"@id":"https:\/\/fr.themarkers.ro\/#website"},"primaryImageOfPage":{"@id":"https:\/\/fr.themarkers.ro\/product\/tasty-mini-3d\/#primaryimage"},"image":{"@id":"https:\/\/fr.themarkers.ro\/product\/tasty-mini-3d\/#primaryimage"},"thumbnailUrl":"https:\/\/fr.themarkers.ro\/wp-content\/uploads\/2024\/06\/icecream-spoon.png","datePublished":"2024-07-15T08:02:12+00:00","dateModified":"2026-03-19T13:13:12+00:00","breadcrumb":{"@id":"https:\/\/fr.themarkers.ro\/product\/tasty-mini-3d\/#breadcrumb"},"inLanguage":"en-GB","potentialAction":[{"@type":"ReadAction","target":["https:\/\/fr.themarkers.ro\/product\/tasty-mini-3d\/"]}]},{"@type":"ImageObject","inLanguage":"en-GB","@id":"https:\/\/fr.themarkers.ro\/product\/tasty-mini-3d\/#primaryimage","url":"https:\/\/fr.themarkers.ro\/wp-content\/uploads\/2024\/06\/icecream-spoon.png","contentUrl":"https:\/\/fr.themarkers.ro\/wp-content\/uploads\/2024\/06\/icecream-spoon.png","width":734,"height":1104},{"@type":"BreadcrumbList","@id":"https:\/\/fr.themarkers.ro\/product\/tasty-mini-3d\/#breadcrumb","itemListElement":[{"@type":"ListItem","position":1,"name":"Home","item":"https:\/\/fr.themarkers.ro\/"},{"@type":"ListItem","position":2,"name":"Shop","item":"https:\/\/fr.themarkers.ro\/shop\/"},{"@type":"ListItem","position":3,"name":"Tasty Mini 3D"}]},{"@type":"WebSite","@id":"https:\/\/fr.themarkers.ro\/#website","url":"https:\/\/fr.themarkers.ro\/","name":"Frenvi - Redefining Sustainability","description":"","potentialAction":[{"@type":"SearchAction","target":{"@type":"EntryPoint","urlTemplate":"https:\/\/fr.themarkers.ro\/?s={search_term_string}"},"query-input":{"@type":"PropertyValueSpecification","valueRequired":true,"valueName":"search_term_string"}}],"inLanguage":"en-GB"}]}},"_links":{"self":[{"href":"https:\/\/fr.themarkers.ro\/en\/wp-json\/wp\/v2\/product\/1434","targetHints":{"allow":["GET"]}}],"collection":[{"href":"https:\/\/fr.themarkers.ro\/en\/wp-json\/wp\/v2\/product"}],"about":[{"href":"https:\/\/fr.themarkers.ro\/en\/wp-json\/wp\/v2\/types\/product"}],"replies":[{"embeddable":true,"href":"https:\/\/fr.themarkers.ro\/en\/wp-json\/wp\/v2\/comments?post=1434"}],"wp:featuredmedia":[{"embeddable":true,"href":"https:\/\/fr.themarkers.ro\/en\/wp-json\/wp\/v2\/media\/1165"}],"wp:attachment":[{"href":"https:\/\/fr.themarkers.ro\/en\/wp-json\/wp\/v2\/media?parent=1434"}],"wp:term":[{"taxonomy":"product_brand","embeddable":true,"href":"https:\/\/fr.themarkers.ro\/en\/wp-json\/wp\/v2\/product_brand?post=1434"},{"taxonomy":"product_cat","embeddable":true,"href":"https:\/\/fr.themarkers.ro\/en\/wp-json\/wp\/v2\/product_cat?post=1434"},{"taxonomy":"product_tag","embeddable":true,"href":"https:\/\/fr.themarkers.ro\/en\/wp-json\/wp\/v2\/product_tag?post=1434"}],"curies":[{"name":"wp","href":"https:\/\/api.w.org\/{rel}","templated":true}]}}