{"id":1822,"date":"2025-02-11T10:44:51","date_gmt":"2025-02-11T10:44:51","guid":{"rendered":"https:\/\/fr.themarkers.ro\/?post_type=product&#038;p=1822"},"modified":"2026-03-19T13:46:28","modified_gmt":"2026-03-19T13:46:28","slug":"farfurii-rotunde","status":"publish","type":"product","link":"https:\/\/fr.themarkers.ro\/en\/product\/farfurii-rotunde\/","title":{"rendered":"Rice bran plates"},"content":{"rendered":"","protected":false},"excerpt":{"rendered":"<p><a href=\"https:\/\/fr.themarkers.ro\/wp-content\/uploads\/2024\/07\/compost-logo-1.png\"><img decoding=\"async\" class=\"\" src=\"https:\/\/fr.themarkers.ro\/wp-content\/uploads\/2024\/06\/gmovegan.png\" width=\"117\" height=\"58\" \/>\u00a0<\/a><\/p>\n<p>Our tableware solutions made from rice bran are fully compostable in the garden within 30 days and are environmentally friendly.<br \/>\nThey are mainly used at outdoor events, but also in the catering trade and at other events.<\/p>\n<ul>\n<li><span style=\"font-weight: 400;\"> Made from natural ingredients<\/span><\/li>\n<li><span style=\"font-weight: 400;\"> Biodegradable and compostable in 30 days<\/span><\/li>\n<li><span style=\"font-weight: 400;\"> Sustainable and environmentally friendly<\/span><\/li>\n<li><span style=\"font-weight: 400;\"> No animal testing<\/span><\/li>\n<li><span style=\"font-weight: 400;\"> 100% vegan and palm oil free<\/span><\/li>\n<li><span style=\"font-weight: 400;\"> Gluten free<\/span><\/li>\n<li><span style=\"font-weight: 400;\"> Tasteless and odorless<\/span><\/li>\n<li><span style=\"font-weight: 400;\">Suitable for serving hot and cold foods<\/span><\/li>\n<li><span style=\"font-weight: 400;\">Microwave safe (up to 2 minutes) and conventional oven safe (up to 180 degrees).<br \/>\n<\/span><\/li>\n<\/ul>\n<p><strong>Dimensions:<\/strong><br \/>\n15 cm \u2013 Diameter: 150 mm \/ Thickness: 2.2 mm \/ Weight 40: gr<\/p>\n<p>20 cm \u2013 Diameter: 200 mm \/ Thickness: 2.75 mm \/ Weight: 75 gr<\/p>\n<p>25 cm \u2013 Diameter: 250 mm\/ Thickness: 3 mm \/ Weight: 120 gr<\/p>\n<p><strong>Color:<\/strong> Golden Brown<\/p>\n<p><strong>Ingredients:<\/strong> Rice bran, rice husk, wheat flour and vegetable starch<\/p>\n<p><strong>Storage:<\/strong> Store plates in a cool, dry place. Once opened, store in an airtight container to maximize shelf life.<\/p>\n<p><strong>Shelf Life:<\/strong> 18 months<\/p>\n<p><strong>Certified in Accordance with:<\/strong><br \/>\nISO 22000 | FSSAI | | FSSC 22000 | FDA | BRC | SGS HALAL | KOSHER |<br \/>\nDECLARATION OF CONFORMITY | COA PRODUCT SPECIFICATIONS<\/p>\n<p><strong>10 pieces\/set<\/strong><\/p>","protected":false},"featured_media":1801,"comment_status":"open","ping_status":"closed","template":"","meta":{"_acf_changed":false,"iawp_total_views":82},"product_brand":[],"product_cat":[50,43],"product_tag":[],"class_list":{"0":"post-1822","1":"product","2":"type-product","3":"status-publish","4":"has-post-thumbnail","6":"product_cat-compostware-2","7":"product_cat-caserole-2","9":"first","10":"instock","11":"shipping-taxable","12":"purchasable","13":"product-type-variable"},"acf":[],"yoast_head":"<!-- This site is optimized with the Yoast SEO plugin v26.9 - https:\/\/yoast.com\/product\/yoast-seo-wordpress\/ -->\n<title>Farfurii din t\u0103r\u00e2te de orez - Frenvi - Redefining Sustainability<\/title>\n<meta name=\"robots\" content=\"index, follow, max-snippet:-1, max-image-preview:large, max-video-preview:-1\" \/>\n<link rel=\"canonical\" href=\"https:\/\/fr.themarkers.ro\/en\/product\/farfurii-rotunde\/\" \/>\n<meta property=\"og:locale\" content=\"en_GB\" \/>\n<meta property=\"og:type\" content=\"article\" \/>\n<meta property=\"og:title\" content=\"Farfurii din t\u0103r\u00e2te de orez - Frenvi - Redefining Sustainability\" \/>\n<meta property=\"og:description\" content=\"\u00a0  Solu\u021biile noastre de vesela de unic\u0103 folosint\u0103, realizate din t\u0103r\u00e2te de orez sunt complet compostabile in natur\u0103 in 30 de zile \u0219i sunt ecologice. Sunt folosite in principal la evenimente in aer liber, dar \u0219i in serviciiile de catering sau alte evenimente.    Fabricate din ingrediente naturale   Biodegradabile \u0219i compostabile \u00een 30 de zile   Durabile \u0219i ecologice   F\u0103r\u0103 testare pe animale   100% vegan \u0219i f\u0103r\u0103 ulei de palmier   F\u0103r\u0103 gluten   Insipid \u0219i inodor  Potrivite pentru servirea alimentelor calde \u0219i reci  Rezistente in cuptorul cu microunde (p\u00e2n\u0103 la 2 minute) \u0219i cuptorul conven\u021bional (p\u00e2n\u0103 la 180 de grade).   Dimensiuni: 15 cm - Diametru: 150 mm \/ Grosime: 2.2 mm \/ Greutate 40: gr  20 cm - Diametru: 200 mm \/ Grosime: 2.75 mm \/ Greutate: 75 gr  25 cm - Diametru: 250 mm\/ Grosime: 3 mm \/ Greutate: 120 gr  Culoare: Maro Auriu  Ingrediente: T\u0103r\u00e2\u021be de orez, coaj\u0103 de orez, f\u0103in\u0103 de gr\u00e2u si amidon vegetal  Depozitare: P\u0103stra\u021bi farfuriile \u00eentr-un loc r\u0103coros \u0219i uscat. Odat\u0103 deschis ambalajul, depozita\u021bi \u00eentr-un recipient ermetic pentru a maximiza durata de valabilitate  Perioad\u0103 de valabilitate: 18 luni  Certificat in conformitate cu: ISO 22000 | FSSAI | | FSSC 22000 | FDA | BRC | SGS HALAL | KOSHER | DECLARA\u021aIE DE CONFORMITATE | SPECIFICA\u021aII PRODUS COA  10 buc \/set\" \/>\n<meta property=\"og:url\" content=\"https:\/\/fr.themarkers.ro\/en\/product\/farfurii-rotunde\/\" \/>\n<meta property=\"og:site_name\" content=\"Frenvi - Redefining Sustainability\" \/>\n<meta property=\"article:modified_time\" content=\"2026-03-19T13:46:28+00:00\" \/>\n<meta property=\"og:image\" content=\"https:\/\/fr.themarkers.ro\/wp-content\/uploads\/2025\/02\/Rice-bran-plates.png\" \/>\n\t<meta property=\"og:image:width\" content=\"734\" \/>\n\t<meta property=\"og:image:height\" content=\"1104\" \/>\n\t<meta property=\"og:image:type\" content=\"image\/png\" \/>\n<meta name=\"twitter:card\" content=\"summary_large_image\" \/>\n<meta name=\"twitter:label1\" content=\"Estimated reading time\" \/>\n\t<meta name=\"twitter:data1\" content=\"1 minute\" \/>\n<script type=\"application\/ld+json\" class=\"yoast-schema-graph\">{\"@context\":\"https:\/\/schema.org\",\"@graph\":[{\"@type\":\"WebPage\",\"@id\":\"https:\/\/fr.themarkers.ro\/product\/farfurii-rotunde\/\",\"url\":\"https:\/\/fr.themarkers.ro\/product\/farfurii-rotunde\/\",\"name\":\"Farfurii din t\u0103r\u00e2te de orez - Frenvi - Redefining Sustainability\",\"isPartOf\":{\"@id\":\"https:\/\/fr.themarkers.ro\/#website\"},\"primaryImageOfPage\":{\"@id\":\"https:\/\/fr.themarkers.ro\/product\/farfurii-rotunde\/#primaryimage\"},\"image\":{\"@id\":\"https:\/\/fr.themarkers.ro\/product\/farfurii-rotunde\/#primaryimage\"},\"thumbnailUrl\":\"https:\/\/fr.themarkers.ro\/wp-content\/uploads\/2025\/02\/Rice-bran-plates.png\",\"datePublished\":\"2025-02-11T10:44:51+00:00\",\"dateModified\":\"2026-03-19T13:46:28+00:00\",\"breadcrumb\":{\"@id\":\"https:\/\/fr.themarkers.ro\/product\/farfurii-rotunde\/#breadcrumb\"},\"inLanguage\":\"en-GB\",\"potentialAction\":[{\"@type\":\"ReadAction\",\"target\":[\"https:\/\/fr.themarkers.ro\/product\/farfurii-rotunde\/\"]}]},{\"@type\":\"ImageObject\",\"inLanguage\":\"en-GB\",\"@id\":\"https:\/\/fr.themarkers.ro\/product\/farfurii-rotunde\/#primaryimage\",\"url\":\"https:\/\/fr.themarkers.ro\/wp-content\/uploads\/2025\/02\/Rice-bran-plates.png\",\"contentUrl\":\"https:\/\/fr.themarkers.ro\/wp-content\/uploads\/2025\/02\/Rice-bran-plates.png\",\"width\":734,\"height\":1104},{\"@type\":\"BreadcrumbList\",\"@id\":\"https:\/\/fr.themarkers.ro\/product\/farfurii-rotunde\/#breadcrumb\",\"itemListElement\":[{\"@type\":\"ListItem\",\"position\":1,\"name\":\"Home\",\"item\":\"https:\/\/fr.themarkers.ro\/\"},{\"@type\":\"ListItem\",\"position\":2,\"name\":\"Shop\",\"item\":\"https:\/\/fr.themarkers.ro\/shop\/\"},{\"@type\":\"ListItem\",\"position\":3,\"name\":\"Farfurii din t\u0103r\u00e2te de orez\"}]},{\"@type\":\"WebSite\",\"@id\":\"https:\/\/fr.themarkers.ro\/#website\",\"url\":\"https:\/\/fr.themarkers.ro\/\",\"name\":\"Frenvi - Redefining Sustainability\",\"description\":\"\",\"potentialAction\":[{\"@type\":\"SearchAction\",\"target\":{\"@type\":\"EntryPoint\",\"urlTemplate\":\"https:\/\/fr.themarkers.ro\/?s={search_term_string}\"},\"query-input\":{\"@type\":\"PropertyValueSpecification\",\"valueRequired\":true,\"valueName\":\"search_term_string\"}}],\"inLanguage\":\"en-GB\"}]}<\/script>\n<!-- \/ Yoast SEO plugin. -->","yoast_head_json":{"title":"Farfurii din t\u0103r\u00e2te de orez - Frenvi - Redefining Sustainability","robots":{"index":"index","follow":"follow","max-snippet":"max-snippet:-1","max-image-preview":"max-image-preview:large","max-video-preview":"max-video-preview:-1"},"canonical":"https:\/\/fr.themarkers.ro\/en\/product\/farfurii-rotunde\/","og_locale":"en_GB","og_type":"article","og_title":"Farfurii din t\u0103r\u00e2te de orez - Frenvi - Redefining Sustainability","og_description":"\u00a0  Solu\u021biile noastre de vesela de unic\u0103 folosint\u0103, realizate din t\u0103r\u00e2te de orez sunt complet compostabile in natur\u0103 in 30 de zile \u0219i sunt ecologice. Sunt folosite in principal la evenimente in aer liber, dar \u0219i in serviciiile de catering sau alte evenimente.    Fabricate din ingrediente naturale   Biodegradabile \u0219i compostabile \u00een 30 de zile   Durabile \u0219i ecologice   F\u0103r\u0103 testare pe animale   100% vegan \u0219i f\u0103r\u0103 ulei de palmier   F\u0103r\u0103 gluten   Insipid \u0219i inodor  Potrivite pentru servirea alimentelor calde \u0219i reci  Rezistente in cuptorul cu microunde (p\u00e2n\u0103 la 2 minute) \u0219i cuptorul conven\u021bional (p\u00e2n\u0103 la 180 de grade).   Dimensiuni: 15 cm - Diametru: 150 mm \/ Grosime: 2.2 mm \/ Greutate 40: gr  20 cm - Diametru: 200 mm \/ Grosime: 2.75 mm \/ Greutate: 75 gr  25 cm - Diametru: 250 mm\/ Grosime: 3 mm \/ Greutate: 120 gr  Culoare: Maro Auriu  Ingrediente: T\u0103r\u00e2\u021be de orez, coaj\u0103 de orez, f\u0103in\u0103 de gr\u00e2u si amidon vegetal  Depozitare: P\u0103stra\u021bi farfuriile \u00eentr-un loc r\u0103coros \u0219i uscat. Odat\u0103 deschis ambalajul, depozita\u021bi \u00eentr-un recipient ermetic pentru a maximiza durata de valabilitate  Perioad\u0103 de valabilitate: 18 luni  Certificat in conformitate cu: ISO 22000 | FSSAI | | FSSC 22000 | FDA | BRC | SGS HALAL | KOSHER | DECLARA\u021aIE DE CONFORMITATE | SPECIFICA\u021aII PRODUS COA  10 buc \/set","og_url":"https:\/\/fr.themarkers.ro\/en\/product\/farfurii-rotunde\/","og_site_name":"Frenvi - Redefining Sustainability","article_modified_time":"2026-03-19T13:46:28+00:00","og_image":[{"width":734,"height":1104,"url":"https:\/\/fr.themarkers.ro\/wp-content\/uploads\/2025\/02\/Rice-bran-plates.png","type":"image\/png"}],"twitter_card":"summary_large_image","twitter_misc":{"Estimated reading time":"1 minute"},"schema":{"@context":"https:\/\/schema.org","@graph":[{"@type":"WebPage","@id":"https:\/\/fr.themarkers.ro\/product\/farfurii-rotunde\/","url":"https:\/\/fr.themarkers.ro\/product\/farfurii-rotunde\/","name":"Farfurii din t\u0103r\u00e2te de orez - Frenvi - Redefining Sustainability","isPartOf":{"@id":"https:\/\/fr.themarkers.ro\/#website"},"primaryImageOfPage":{"@id":"https:\/\/fr.themarkers.ro\/product\/farfurii-rotunde\/#primaryimage"},"image":{"@id":"https:\/\/fr.themarkers.ro\/product\/farfurii-rotunde\/#primaryimage"},"thumbnailUrl":"https:\/\/fr.themarkers.ro\/wp-content\/uploads\/2025\/02\/Rice-bran-plates.png","datePublished":"2025-02-11T10:44:51+00:00","dateModified":"2026-03-19T13:46:28+00:00","breadcrumb":{"@id":"https:\/\/fr.themarkers.ro\/product\/farfurii-rotunde\/#breadcrumb"},"inLanguage":"en-GB","potentialAction":[{"@type":"ReadAction","target":["https:\/\/fr.themarkers.ro\/product\/farfurii-rotunde\/"]}]},{"@type":"ImageObject","inLanguage":"en-GB","@id":"https:\/\/fr.themarkers.ro\/product\/farfurii-rotunde\/#primaryimage","url":"https:\/\/fr.themarkers.ro\/wp-content\/uploads\/2025\/02\/Rice-bran-plates.png","contentUrl":"https:\/\/fr.themarkers.ro\/wp-content\/uploads\/2025\/02\/Rice-bran-plates.png","width":734,"height":1104},{"@type":"BreadcrumbList","@id":"https:\/\/fr.themarkers.ro\/product\/farfurii-rotunde\/#breadcrumb","itemListElement":[{"@type":"ListItem","position":1,"name":"Home","item":"https:\/\/fr.themarkers.ro\/"},{"@type":"ListItem","position":2,"name":"Shop","item":"https:\/\/fr.themarkers.ro\/shop\/"},{"@type":"ListItem","position":3,"name":"Farfurii din t\u0103r\u00e2te de orez"}]},{"@type":"WebSite","@id":"https:\/\/fr.themarkers.ro\/#website","url":"https:\/\/fr.themarkers.ro\/","name":"Frenvi - Redefining Sustainability","description":"","potentialAction":[{"@type":"SearchAction","target":{"@type":"EntryPoint","urlTemplate":"https:\/\/fr.themarkers.ro\/?s={search_term_string}"},"query-input":{"@type":"PropertyValueSpecification","valueRequired":true,"valueName":"search_term_string"}}],"inLanguage":"en-GB"}]}},"_links":{"self":[{"href":"https:\/\/fr.themarkers.ro\/en\/wp-json\/wp\/v2\/product\/1822","targetHints":{"allow":["GET"]}}],"collection":[{"href":"https:\/\/fr.themarkers.ro\/en\/wp-json\/wp\/v2\/product"}],"about":[{"href":"https:\/\/fr.themarkers.ro\/en\/wp-json\/wp\/v2\/types\/product"}],"replies":[{"embeddable":true,"href":"https:\/\/fr.themarkers.ro\/en\/wp-json\/wp\/v2\/comments?post=1822"}],"wp:featuredmedia":[{"embeddable":true,"href":"https:\/\/fr.themarkers.ro\/en\/wp-json\/wp\/v2\/media\/1801"}],"wp:attachment":[{"href":"https:\/\/fr.themarkers.ro\/en\/wp-json\/wp\/v2\/media?parent=1822"}],"wp:term":[{"taxonomy":"product_brand","embeddable":true,"href":"https:\/\/fr.themarkers.ro\/en\/wp-json\/wp\/v2\/product_brand?post=1822"},{"taxonomy":"product_cat","embeddable":true,"href":"https:\/\/fr.themarkers.ro\/en\/wp-json\/wp\/v2\/product_cat?post=1822"},{"taxonomy":"product_tag","embeddable":true,"href":"https:\/\/fr.themarkers.ro\/en\/wp-json\/wp\/v2\/product_tag?post=1822"}],"curies":[{"name":"wp","href":"https:\/\/api.w.org\/{rel}","templated":true}]}}