{"id":2012,"date":"2025-02-11T13:54:36","date_gmt":"2025-02-11T13:54:36","guid":{"rendered":"https:\/\/fr.themarkers.ro\/product\/storage-canister\/"},"modified":"2026-03-19T14:24:32","modified_gmt":"2026-03-19T14:24:32","slug":"storage-canister","status":"publish","type":"product","link":"https:\/\/fr.themarkers.ro\/en\/product\/storage-canister\/","title":{"rendered":"Storage Canister with lid"},"content":{"rendered":"","protected":false},"excerpt":{"rendered":"<p>Dress up your kitchen, dining and utility area with our thoughtfully made canister to store and serve your favorite snacks, sweets and food to your loved ones.<\/p>\n<div class=\"elementor-element elementor-element-43051f15 wd-single-short-desc text-left elementor-widget elementor-widget-wd_single_product_short_description\" data-id=\"43051f15\" data-element_type=\"widget\" data-widget_type=\"wd_single_product_short_description.default\">\n<div class=\"elementor-widget-container\">\n<div class=\"woocommerce-product-details__short-description\">\n<p data-start=\"49\" data-end=\"321\">By implementing eco-friendly innovations into your house, including sustainable choices like a canister for kitchen storage, you\u2019re contributing to the global effort to heal our planet while creating a cleaner, safer environment for your family.<\/p>\n<p data-start=\"323\" data-end=\"462\">These small changes, from eco-conscious storage solutions to larger home improvements, collectively make a significant impact.<\/p>\n<p data-start=\"464\" data-end=\"648\" data-is-last-node=\"\" data-is-only-node=\"\">Let\u2019s work together to make sustainability the cornerstone of our homes, starting with mindful choices in every room, including the heart of the house \u2013 the kitchen.<\/p>\n<p>Made from recycled biocomposites.<br \/>\nOur products are carefully crafted using high-quality biocomposites derived from responsibly collected agricultural waste \u2014 including bamboo fibers, rice husks, coffee husks, rice straw, and blended with food-grade polypropylene (PP).<br \/>\nBy reusing these agricultural residues, we give new life to natural materials that would otherwise have been wasted. Combined with polypropylene for added durability, each product is designed to be strong, safe and reusable, reducing environmental impact from production to end of life.<br \/>\n<strong>Sustainable by design. Circular by intention.<\/strong><\/p>\n<p><strong>100% recyclable<\/strong>: Fully recyclable to reduce environmental impact.<br \/>\n<strong>Ultra durable and indestructible<\/strong>: Designed to withstand daily use without cracking or breaking.<br \/>\n<strong>Scratch-resistant finish<\/strong>: Maintains a clean and polished appearance over time.<br \/>\n<strong>Reduced carbon footprint<\/strong>: Minimizes CO2 emissions throughout the production cycle.<br \/>\n<strong>Ideal for gifts and travel<\/strong>: Stylish, practical and suitable for any occasion.<br \/>\n<strong>Dishwasher safe<\/strong>: Withstands up to 3,000 cycles without damage.<br \/>\n<strong>Safe and non-toxic<\/strong>: No formaldehyde, BPA, melamine or other harmful substances.<br \/>\n<strong>Microwave and freezer compatible<\/strong>: Safe for food contact; quick heating in the microwave (under 1 minute) and freezer compatible.<br \/>\nV<strong>Versatile and temperature resistant<\/strong>: Suitable for both hot and cold foods.<br \/>\n<strong>Sustainable Choice<\/strong>: Helps reduce waste and ecological footprint.<br \/>\n<strong>Stylish variety<\/strong>: Available in several attractive colors and modern shapes.<br \/>\n<strong>Recommended for<\/strong>: Home, Office, Party, Travel, HoReCa<\/p>\n<p><strong>TUV certificate<\/strong>\u00a0for hot food and drinks, BPA-free<br \/>\nAccording to US and EU standards<\/p>\n<p><strong>Dimensions:<\/strong> 700 ml<\/p>\n<\/div>\n<\/div>\n<\/div>","protected":false},"featured_media":1911,"comment_status":"open","ping_status":"closed","template":"","meta":{"_acf_changed":false,"iawp_total_views":58},"product_brand":[],"product_cat":[49,46],"product_tag":[],"class_list":{"0":"post-2012","1":"product","2":"type-product","3":"status-publish","4":"has-post-thumbnail","6":"product_cat-reuse-2","7":"product_cat-cani-2","9":"first","10":"instock","11":"shipping-taxable","12":"product-type-simple"},"acf":[],"yoast_head":"<!-- This site is optimized with the Yoast SEO plugin v26.9 - https:\/\/yoast.com\/product\/yoast-seo-wordpress\/ -->\n<title>Recipient de depozitare cu capac - Frenvi - Redefining Sustainability<\/title>\n<meta name=\"robots\" content=\"index, follow, max-snippet:-1, max-image-preview:large, max-video-preview:-1\" \/>\n<link rel=\"canonical\" href=\"https:\/\/fr.themarkers.ro\/en\/product\/storage-canister\/\" \/>\n<meta property=\"og:locale\" content=\"en_GB\" \/>\n<meta property=\"og:type\" content=\"article\" \/>\n<meta property=\"og:title\" content=\"Recipient de depozitare cu capac - Frenvi - Redefining Sustainability\" \/>\n<meta property=\"og:description\" content=\"Actualizati-v\u0103 buc\u0103t\u0103ria cu recipientul nostru conceput cu grij\u0103 pentru a stoca \u0219i a servi gust\u0103rile, dulciurile \u0219i alimentele preferate celor dragi.    Prin implementarea unor inovatii ecologice in casa ta, inclusiv alegeri sustenabile, cum ar fi un recipient pentru depozitarea in bucatarie, contribui la efortul global de a proteja planeta noastra, creand in acelasi timp un mediu mai curat si mai sigur pentru familia ta. Aceste mici schimbari, de la solutii de depozitare ecologice pana la imbunatatiri majore ale locuintei, au impreuna un impact semnificativ. Haideti sa lucram impreuna pentru a face din sustenabilitate piatra de temelie a caselor noastre, incepand cu alegeri constiente in fiecare camera, inclusiv in inima casei - bucataria. Fabricat din biocompozite reciclate. Produsele noastre sunt create cu grija, folosind biocompozite de inalta calitate obtinute din deseuri agricole colectate in mod responsabil \u2014 inclusiv fibre de bambus, coji de orez, coji de cafea, paie de orez si amestecate cu polipropilena (PP) alimentara. Prin reutilizarea acestor reziduuri agricole, dam o noua viata materialelor naturale care altfel ar fi fost irosite. Combinate cu polipropilena pentru un plus de durabilitate, fiecare produs este conceput sa fie rezistent, sigur si reutilizabil, reducand impactul asupra mediului de la productie pana la finalul ciclului de viata. Sustenabil prin design. Circular prin intentie.  100% reciclabil: Complet reciclabil pentru a reduce impactul asupra mediului. Ultra durabil si indestructibil: Conceput sa reziste utilizarii zilnice fara sa crape sau sa se sparga. Finisaj rezistent la zgariaturi: Pastreaza un aspect curat si lustruit in timp. Amprenta redusa de carbon: Minimizeaza emisiile de CO2 pe tot parcursul ciclului de productie. Ideal pentru cadouri si calatorii: Stilat, practic si potrivit pentru orice ocazie. Sigur pentru masina de spalat vase: Rezista pana la 3.000 de cicluri fara deteriorare. Sigur si non-toxic: Fara formaldehida, BPA, melamina sau alte substante nocive. Compatibil cu cuptorul cu microunde si congelatorul: Sigur pentru contactul cu alimentele; reincalzire rapida in microunde (sub 1 minut) si compatibil cu congelatorul. Versatil si rezistent la temperaturi: Potrivit atat pentru alimente calde, cat si reci. Alegere Sustenabila: Ajuta la reducerea deseurilor si a amprentei ecologice. Varietate stilata: Disponibil in mai multe culori atragatoare si forme moderne. Recomandat pentru: Acasa, Birou, Petrecere, Calatorii, HoReCa  Certificat TUV\u00a0pentru alimente si bauturi fierbin\u021bi, fara BPA Conform standardelor SUA si UE  Dimensiuni: 700 ml\" \/>\n<meta property=\"og:url\" content=\"https:\/\/fr.themarkers.ro\/en\/product\/storage-canister\/\" \/>\n<meta property=\"og:site_name\" content=\"Frenvi - Redefining Sustainability\" \/>\n<meta property=\"article:modified_time\" content=\"2026-03-19T14:24:32+00:00\" \/>\n<meta property=\"og:image\" content=\"https:\/\/fr.themarkers.ro\/wp-content\/uploads\/2025\/02\/Storage-Canister.png\" \/>\n\t<meta property=\"og:image:width\" content=\"551\" \/>\n\t<meta property=\"og:image:height\" content=\"828\" \/>\n\t<meta property=\"og:image:type\" content=\"image\/png\" \/>\n<meta name=\"twitter:card\" content=\"summary_large_image\" \/>\n<meta name=\"twitter:label1\" content=\"Estimated reading time\" \/>\n\t<meta name=\"twitter:data1\" content=\"1 minute\" \/>\n<script type=\"application\/ld+json\" class=\"yoast-schema-graph\">{\"@context\":\"https:\/\/schema.org\",\"@graph\":[{\"@type\":\"WebPage\",\"@id\":\"https:\/\/fr.themarkers.ro\/product\/storage-canister\/\",\"url\":\"https:\/\/fr.themarkers.ro\/product\/storage-canister\/\",\"name\":\"Recipient de depozitare cu capac - Frenvi - Redefining Sustainability\",\"isPartOf\":{\"@id\":\"https:\/\/fr.themarkers.ro\/#website\"},\"primaryImageOfPage\":{\"@id\":\"https:\/\/fr.themarkers.ro\/product\/storage-canister\/#primaryimage\"},\"image\":{\"@id\":\"https:\/\/fr.themarkers.ro\/product\/storage-canister\/#primaryimage\"},\"thumbnailUrl\":\"https:\/\/fr.themarkers.ro\/wp-content\/uploads\/2025\/02\/Storage-Canister.png\",\"datePublished\":\"2025-02-11T13:54:36+00:00\",\"dateModified\":\"2026-03-19T14:24:32+00:00\",\"breadcrumb\":{\"@id\":\"https:\/\/fr.themarkers.ro\/product\/storage-canister\/#breadcrumb\"},\"inLanguage\":\"en-GB\",\"potentialAction\":[{\"@type\":\"ReadAction\",\"target\":[\"https:\/\/fr.themarkers.ro\/product\/storage-canister\/\"]}]},{\"@type\":\"ImageObject\",\"inLanguage\":\"en-GB\",\"@id\":\"https:\/\/fr.themarkers.ro\/product\/storage-canister\/#primaryimage\",\"url\":\"https:\/\/fr.themarkers.ro\/wp-content\/uploads\/2025\/02\/Storage-Canister.png\",\"contentUrl\":\"https:\/\/fr.themarkers.ro\/wp-content\/uploads\/2025\/02\/Storage-Canister.png\",\"width\":551,\"height\":828},{\"@type\":\"BreadcrumbList\",\"@id\":\"https:\/\/fr.themarkers.ro\/product\/storage-canister\/#breadcrumb\",\"itemListElement\":[{\"@type\":\"ListItem\",\"position\":1,\"name\":\"Home\",\"item\":\"https:\/\/fr.themarkers.ro\/\"},{\"@type\":\"ListItem\",\"position\":2,\"name\":\"Shop\",\"item\":\"https:\/\/fr.themarkers.ro\/shop\/\"},{\"@type\":\"ListItem\",\"position\":3,\"name\":\"Recipient de depozitare cu capac\"}]},{\"@type\":\"WebSite\",\"@id\":\"https:\/\/fr.themarkers.ro\/#website\",\"url\":\"https:\/\/fr.themarkers.ro\/\",\"name\":\"Frenvi - Redefining Sustainability\",\"description\":\"\",\"potentialAction\":[{\"@type\":\"SearchAction\",\"target\":{\"@type\":\"EntryPoint\",\"urlTemplate\":\"https:\/\/fr.themarkers.ro\/?s={search_term_string}\"},\"query-input\":{\"@type\":\"PropertyValueSpecification\",\"valueRequired\":true,\"valueName\":\"search_term_string\"}}],\"inLanguage\":\"en-GB\"}]}<\/script>\n<!-- \/ Yoast SEO plugin. -->","yoast_head_json":{"title":"Recipient de depozitare cu capac - Frenvi - Redefining Sustainability","robots":{"index":"index","follow":"follow","max-snippet":"max-snippet:-1","max-image-preview":"max-image-preview:large","max-video-preview":"max-video-preview:-1"},"canonical":"https:\/\/fr.themarkers.ro\/en\/product\/storage-canister\/","og_locale":"en_GB","og_type":"article","og_title":"Recipient de depozitare cu capac - Frenvi - Redefining Sustainability","og_description":"Actualizati-v\u0103 buc\u0103t\u0103ria cu recipientul nostru conceput cu grij\u0103 pentru a stoca \u0219i a servi gust\u0103rile, dulciurile \u0219i alimentele preferate celor dragi.    Prin implementarea unor inovatii ecologice in casa ta, inclusiv alegeri sustenabile, cum ar fi un recipient pentru depozitarea in bucatarie, contribui la efortul global de a proteja planeta noastra, creand in acelasi timp un mediu mai curat si mai sigur pentru familia ta. Aceste mici schimbari, de la solutii de depozitare ecologice pana la imbunatatiri majore ale locuintei, au impreuna un impact semnificativ. Haideti sa lucram impreuna pentru a face din sustenabilitate piatra de temelie a caselor noastre, incepand cu alegeri constiente in fiecare camera, inclusiv in inima casei - bucataria. Fabricat din biocompozite reciclate. Produsele noastre sunt create cu grija, folosind biocompozite de inalta calitate obtinute din deseuri agricole colectate in mod responsabil \u2014 inclusiv fibre de bambus, coji de orez, coji de cafea, paie de orez si amestecate cu polipropilena (PP) alimentara. Prin reutilizarea acestor reziduuri agricole, dam o noua viata materialelor naturale care altfel ar fi fost irosite. Combinate cu polipropilena pentru un plus de durabilitate, fiecare produs este conceput sa fie rezistent, sigur si reutilizabil, reducand impactul asupra mediului de la productie pana la finalul ciclului de viata. Sustenabil prin design. Circular prin intentie.  100% reciclabil: Complet reciclabil pentru a reduce impactul asupra mediului. Ultra durabil si indestructibil: Conceput sa reziste utilizarii zilnice fara sa crape sau sa se sparga. Finisaj rezistent la zgariaturi: Pastreaza un aspect curat si lustruit in timp. Amprenta redusa de carbon: Minimizeaza emisiile de CO2 pe tot parcursul ciclului de productie. Ideal pentru cadouri si calatorii: Stilat, practic si potrivit pentru orice ocazie. Sigur pentru masina de spalat vase: Rezista pana la 3.000 de cicluri fara deteriorare. Sigur si non-toxic: Fara formaldehida, BPA, melamina sau alte substante nocive. Compatibil cu cuptorul cu microunde si congelatorul: Sigur pentru contactul cu alimentele; reincalzire rapida in microunde (sub 1 minut) si compatibil cu congelatorul. Versatil si rezistent la temperaturi: Potrivit atat pentru alimente calde, cat si reci. Alegere Sustenabila: Ajuta la reducerea deseurilor si a amprentei ecologice. Varietate stilata: Disponibil in mai multe culori atragatoare si forme moderne. Recomandat pentru: Acasa, Birou, Petrecere, Calatorii, HoReCa  Certificat TUV\u00a0pentru alimente si bauturi fierbin\u021bi, fara BPA Conform standardelor SUA si UE  Dimensiuni: 700 ml","og_url":"https:\/\/fr.themarkers.ro\/en\/product\/storage-canister\/","og_site_name":"Frenvi - Redefining Sustainability","article_modified_time":"2026-03-19T14:24:32+00:00","og_image":[{"width":551,"height":828,"url":"https:\/\/fr.themarkers.ro\/wp-content\/uploads\/2025\/02\/Storage-Canister.png","type":"image\/png"}],"twitter_card":"summary_large_image","twitter_misc":{"Estimated reading time":"1 minute"},"schema":{"@context":"https:\/\/schema.org","@graph":[{"@type":"WebPage","@id":"https:\/\/fr.themarkers.ro\/product\/storage-canister\/","url":"https:\/\/fr.themarkers.ro\/product\/storage-canister\/","name":"Recipient de depozitare cu capac - Frenvi - Redefining Sustainability","isPartOf":{"@id":"https:\/\/fr.themarkers.ro\/#website"},"primaryImageOfPage":{"@id":"https:\/\/fr.themarkers.ro\/product\/storage-canister\/#primaryimage"},"image":{"@id":"https:\/\/fr.themarkers.ro\/product\/storage-canister\/#primaryimage"},"thumbnailUrl":"https:\/\/fr.themarkers.ro\/wp-content\/uploads\/2025\/02\/Storage-Canister.png","datePublished":"2025-02-11T13:54:36+00:00","dateModified":"2026-03-19T14:24:32+00:00","breadcrumb":{"@id":"https:\/\/fr.themarkers.ro\/product\/storage-canister\/#breadcrumb"},"inLanguage":"en-GB","potentialAction":[{"@type":"ReadAction","target":["https:\/\/fr.themarkers.ro\/product\/storage-canister\/"]}]},{"@type":"ImageObject","inLanguage":"en-GB","@id":"https:\/\/fr.themarkers.ro\/product\/storage-canister\/#primaryimage","url":"https:\/\/fr.themarkers.ro\/wp-content\/uploads\/2025\/02\/Storage-Canister.png","contentUrl":"https:\/\/fr.themarkers.ro\/wp-content\/uploads\/2025\/02\/Storage-Canister.png","width":551,"height":828},{"@type":"BreadcrumbList","@id":"https:\/\/fr.themarkers.ro\/product\/storage-canister\/#breadcrumb","itemListElement":[{"@type":"ListItem","position":1,"name":"Home","item":"https:\/\/fr.themarkers.ro\/"},{"@type":"ListItem","position":2,"name":"Shop","item":"https:\/\/fr.themarkers.ro\/shop\/"},{"@type":"ListItem","position":3,"name":"Recipient de depozitare cu capac"}]},{"@type":"WebSite","@id":"https:\/\/fr.themarkers.ro\/#website","url":"https:\/\/fr.themarkers.ro\/","name":"Frenvi - Redefining Sustainability","description":"","potentialAction":[{"@type":"SearchAction","target":{"@type":"EntryPoint","urlTemplate":"https:\/\/fr.themarkers.ro\/?s={search_term_string}"},"query-input":{"@type":"PropertyValueSpecification","valueRequired":true,"valueName":"search_term_string"}}],"inLanguage":"en-GB"}]}},"_links":{"self":[{"href":"https:\/\/fr.themarkers.ro\/en\/wp-json\/wp\/v2\/product\/2012","targetHints":{"allow":["GET"]}}],"collection":[{"href":"https:\/\/fr.themarkers.ro\/en\/wp-json\/wp\/v2\/product"}],"about":[{"href":"https:\/\/fr.themarkers.ro\/en\/wp-json\/wp\/v2\/types\/product"}],"replies":[{"embeddable":true,"href":"https:\/\/fr.themarkers.ro\/en\/wp-json\/wp\/v2\/comments?post=2012"}],"wp:featuredmedia":[{"embeddable":true,"href":"https:\/\/fr.themarkers.ro\/en\/wp-json\/wp\/v2\/media\/1911"}],"wp:attachment":[{"href":"https:\/\/fr.themarkers.ro\/en\/wp-json\/wp\/v2\/media?parent=2012"}],"wp:term":[{"taxonomy":"product_brand","embeddable":true,"href":"https:\/\/fr.themarkers.ro\/en\/wp-json\/wp\/v2\/product_brand?post=2012"},{"taxonomy":"product_cat","embeddable":true,"href":"https:\/\/fr.themarkers.ro\/en\/wp-json\/wp\/v2\/product_cat?post=2012"},{"taxonomy":"product_tag","embeddable":true,"href":"https:\/\/fr.themarkers.ro\/en\/wp-json\/wp\/v2\/product_tag?post=2012"}],"curies":[{"name":"wp","href":"https:\/\/api.w.org\/{rel}","templated":true}]}}